{"id":958,"date":"2026-02-08T17:22:50","date_gmt":"2026-02-08T17:22:50","guid":{"rendered":"https:\/\/mjroses.ca\/?post_type=product&#038;p=958"},"modified":"2026-02-08T18:27:53","modified_gmt":"2026-02-08T18:27:53","slug":"valentines-day-gift-set-13-roses","status":"publish","type":"product","link":"https:\/\/mjroses.ca\/fr\/produit\/valentines-day-gift-set-13-roses\/","title":{"rendered":"Coffret Cadeau Pour Saint-Valentin (13 Roses)"},"content":{"rendered":"<p>Notre coffret cadeau de la Saint-Valentin de luxe comprend 13 roses exquises accompagn\u00e9es de 8 chocolats d\u00e9cadents, soigneusement dispos\u00e9s pour cr\u00e9er un moment inoubliable. Parfait pour c\u00e9l\u00e9brer l\u2019amour \u2014 que ce soit comme cadeau rempli d\u2019\u00e9motion, une surprise d\u2019anniversaire ou m\u00eame une demande en mariage romantique en pla\u00e7ant la bague au centre. Le coffret en velours intemporel, les magnifiques roses et les chocolats gourmands transforment chaque occasion sp\u00e9ciale en un souvenir pr\u00e9cieux.<\/p>","protected":false},"excerpt":{"rendered":"<p>Notre coffret cadeau de la Saint-Valentin de luxe comprend 13 roses exquises, soigneusement dispos\u00e9es pour cr\u00e9er un moment inoubliable.<\/p>","protected":false},"featured_media":956,"comment_status":"open","ping_status":"closed","template":"","meta":[],"product_brand":[],"product_cat":[36,26],"product_tag":[],"class_list":{"0":"post-958","1":"product","2":"type-product","3":"status-publish","4":"has-post-thumbnail","6":"product_cat-valentines-day","7":"product_cat-all-products","9":"first","10":"instock","11":"taxable","12":"shipping-taxable","13":"purchasable","14":"product-type-simple"},"jetpack_sharing_enabled":true,"_links":{"self":[{"href":"https:\/\/mjroses.ca\/fr\/wp-json\/wp\/v2\/product\/958","targetHints":{"allow":["GET"]}}],"collection":[{"href":"https:\/\/mjroses.ca\/fr\/wp-json\/wp\/v2\/product"}],"about":[{"href":"https:\/\/mjroses.ca\/fr\/wp-json\/wp\/v2\/types\/product"}],"replies":[{"embeddable":true,"href":"https:\/\/mjroses.ca\/fr\/wp-json\/wp\/v2\/comments?post=958"}],"wp:featuredmedia":[{"embeddable":true,"href":"https:\/\/mjroses.ca\/fr\/wp-json\/wp\/v2\/media\/956"}],"wp:attachment":[{"href":"https:\/\/mjroses.ca\/fr\/wp-json\/wp\/v2\/media?parent=958"}],"wp:term":[{"taxonomy":"product_brand","embeddable":true,"href":"https:\/\/mjroses.ca\/fr\/wp-json\/wp\/v2\/product_brand?post=958"},{"taxonomy":"product_cat","embeddable":true,"href":"https:\/\/mjroses.ca\/fr\/wp-json\/wp\/v2\/product_cat?post=958"},{"taxonomy":"product_tag","embeddable":true,"href":"https:\/\/mjroses.ca\/fr\/wp-json\/wp\/v2\/product_tag?post=958"}],"curies":[{"name":"wp","href":"https:\/\/api.w.org\/{rel}","templated":true}]}}