{"id":899,"date":"2025-03-06T19:34:39","date_gmt":"2025-03-06T19:34:39","guid":{"rendered":"https:\/\/mjroses.ca\/?post_type=product&#038;p=899"},"modified":"2025-03-06T19:34:39","modified_gmt":"2025-03-06T19:34:39","slug":"eternal-rose-classic-pink-with-stem-pink-triangular-packaging","status":"publish","type":"product","link":"https:\/\/mjroses.ca\/fr\/produit\/eternal-rose-classic-pink-with-stem-pink-triangular-packaging\/","title":{"rendered":"Rose \u00c9ternelle Rose Classique Avec Tige (Emballage Triangulaire Rose)"},"content":{"rendered":"<p><span data-sheets-root=\"1\">1 Rose \u00c9ternelle. C\u2019est Le D\u00e9tail Parfait Pour Une Occasion Sp\u00e9ciale. D\u2019un Cadeau D\u2019anniversaire D\u2019un Ami Sp\u00e9cial \u00c0 Toute Autre Occasion, La Bo\u00eete Triangulaire Rose Avec L\u2019apparence Magnifique De La Rose Color\u00e9e Mettra En Valeur Le Moment M\u00e9morable!<\/span><\/p>\n<p>Rose Size: +-\u00d8 8 x H 35 cm<\/p>","protected":false},"excerpt":{"rendered":"<p><span data-sheets-root=\"1\">1 rose \u00e9ternelle. C\u2019est le d\u00e9tail parfait pour une occasion sp\u00e9ciale. <\/span><\/p>","protected":false},"featured_media":890,"comment_status":"open","ping_status":"closed","template":"","meta":[],"product_brand":[],"product_cat":[26,34],"product_tag":[],"class_list":{"0":"post-899","1":"product","2":"type-product","3":"status-publish","4":"has-post-thumbnail","6":"product_cat-all-products","7":"product_cat-triangular","9":"first","10":"instock","11":"taxable","12":"shipping-taxable","13":"purchasable","14":"product-type-simple"},"jetpack_sharing_enabled":true,"_links":{"self":[{"href":"https:\/\/mjroses.ca\/fr\/wp-json\/wp\/v2\/product\/899","targetHints":{"allow":["GET"]}}],"collection":[{"href":"https:\/\/mjroses.ca\/fr\/wp-json\/wp\/v2\/product"}],"about":[{"href":"https:\/\/mjroses.ca\/fr\/wp-json\/wp\/v2\/types\/product"}],"replies":[{"embeddable":true,"href":"https:\/\/mjroses.ca\/fr\/wp-json\/wp\/v2\/comments?post=899"}],"wp:featuredmedia":[{"embeddable":true,"href":"https:\/\/mjroses.ca\/fr\/wp-json\/wp\/v2\/media\/890"}],"wp:attachment":[{"href":"https:\/\/mjroses.ca\/fr\/wp-json\/wp\/v2\/media?parent=899"}],"wp:term":[{"taxonomy":"product_brand","embeddable":true,"href":"https:\/\/mjroses.ca\/fr\/wp-json\/wp\/v2\/product_brand?post=899"},{"taxonomy":"product_cat","embeddable":true,"href":"https:\/\/mjroses.ca\/fr\/wp-json\/wp\/v2\/product_cat?post=899"},{"taxonomy":"product_tag","embeddable":true,"href":"https:\/\/mjroses.ca\/fr\/wp-json\/wp\/v2\/product_tag?post=899"}],"curies":[{"name":"wp","href":"https:\/\/api.w.org\/{rel}","templated":true}]}}