{"id":858,"date":"2025-01-21T18:57:21","date_gmt":"2025-01-21T18:57:21","guid":{"rendered":"https:\/\/mjroses.ca\/?post_type=product&#038;p=858"},"modified":"2025-01-21T19:48:44","modified_gmt":"2025-01-21T19:48:44","slug":"eternal-rose-mistery-blue-with-stem-white-cylinder-packaging","status":"publish","type":"product","link":"https:\/\/mjroses.ca\/fr\/produit\/eternal-rose-mistery-blue-with-stem-white-cylinder-packaging\/","title":{"rendered":"Rose \u00c9ternelle Myst\u00e8re Bleu avec Tige (Emballage Cylindrique Blanc)"},"content":{"rendered":"<p>1 rose \u00e9ternelle. C\u2019est le d\u00e9tail parfait pour une occasion sp\u00e9ciale. Que ce soit un cadeau d'anniversaire pour un ami cher, une soir\u00e9e romantique, ou toute autre occasion, l\u2019apparence \u00e9pur\u00e9e de la bo\u00eete cylindrique blanche associ\u00e9e \u00e0 la beaut\u00e9 \u00e9clatante de la rose color\u00e9e mettra en valeur ce moment inoubliable!<\/p>","protected":false},"excerpt":{"rendered":"<p>1 rose \u00e9ternelle. C\u2019est le d\u00e9tail parfait pour une occasion sp\u00e9ciale.<\/p>","protected":false},"featured_media":859,"comment_status":"open","ping_status":"closed","template":"","meta":[],"product_brand":[],"product_cat":[35],"product_tag":[],"class_list":{"0":"post-858","1":"product","2":"type-product","3":"status-publish","4":"has-post-thumbnail","6":"product_cat-cylinder","8":"first","9":"instock","10":"taxable","11":"shipping-taxable","12":"purchasable","13":"product-type-simple"},"jetpack_sharing_enabled":true,"_links":{"self":[{"href":"https:\/\/mjroses.ca\/fr\/wp-json\/wp\/v2\/product\/858","targetHints":{"allow":["GET"]}}],"collection":[{"href":"https:\/\/mjroses.ca\/fr\/wp-json\/wp\/v2\/product"}],"about":[{"href":"https:\/\/mjroses.ca\/fr\/wp-json\/wp\/v2\/types\/product"}],"replies":[{"embeddable":true,"href":"https:\/\/mjroses.ca\/fr\/wp-json\/wp\/v2\/comments?post=858"}],"wp:featuredmedia":[{"embeddable":true,"href":"https:\/\/mjroses.ca\/fr\/wp-json\/wp\/v2\/media\/859"}],"wp:attachment":[{"href":"https:\/\/mjroses.ca\/fr\/wp-json\/wp\/v2\/media?parent=858"}],"wp:term":[{"taxonomy":"product_brand","embeddable":true,"href":"https:\/\/mjroses.ca\/fr\/wp-json\/wp\/v2\/product_brand?post=858"},{"taxonomy":"product_cat","embeddable":true,"href":"https:\/\/mjroses.ca\/fr\/wp-json\/wp\/v2\/product_cat?post=858"},{"taxonomy":"product_tag","embeddable":true,"href":"https:\/\/mjroses.ca\/fr\/wp-json\/wp\/v2\/product_tag?post=858"}],"curies":[{"name":"wp","href":"https:\/\/api.w.org\/{rel}","templated":true}]}}