{"id":856,"date":"2025-01-21T18:54:53","date_gmt":"2025-01-21T18:54:53","guid":{"rendered":"https:\/\/mjroses.ca\/?post_type=product&#038;p=856"},"modified":"2025-01-21T18:55:51","modified_gmt":"2025-01-21T18:55:51","slug":"eternal-rose-beauty-red-with-stem-pink-triangular-packaging","status":"publish","type":"product","link":"https:\/\/mjroses.ca\/fr\/produit\/eternal-rose-beauty-red-with-stem-pink-triangular-packaging\/","title":{"rendered":"Rose \u00c9ternelle Beaut\u00e9 Rouge avec Tige (Emballage Triangulaire Rose)"},"content":{"rendered":"<p>1 rose \u00e9ternelle. C\u2019est le d\u00e9tail parfait pour une occasion sp\u00e9ciale. Que ce soit un cadeau d'anniversaire pour un ami cher ou toute autre occasion, la bo\u00eete triangulaire rose associ\u00e9e \u00e0 la beaut\u00e9 \u00e9clatante de la rose color\u00e9e mettra en valeur ce moment inoubliable!<\/p>","protected":false},"excerpt":{"rendered":"<p>1 rose \u00e9ternelle. C\u2019est le d\u00e9tail parfait pour une occasion sp\u00e9ciale.<\/p>","protected":false},"featured_media":849,"comment_status":"open","ping_status":"closed","template":"","meta":[],"product_brand":[],"product_cat":[34],"product_tag":[],"class_list":{"0":"post-856","1":"product","2":"type-product","3":"status-publish","4":"has-post-thumbnail","6":"product_cat-triangular","8":"first","9":"instock","10":"taxable","11":"shipping-taxable","12":"purchasable","13":"product-type-simple"},"jetpack_sharing_enabled":true,"_links":{"self":[{"href":"https:\/\/mjroses.ca\/fr\/wp-json\/wp\/v2\/product\/856","targetHints":{"allow":["GET"]}}],"collection":[{"href":"https:\/\/mjroses.ca\/fr\/wp-json\/wp\/v2\/product"}],"about":[{"href":"https:\/\/mjroses.ca\/fr\/wp-json\/wp\/v2\/types\/product"}],"replies":[{"embeddable":true,"href":"https:\/\/mjroses.ca\/fr\/wp-json\/wp\/v2\/comments?post=856"}],"wp:featuredmedia":[{"embeddable":true,"href":"https:\/\/mjroses.ca\/fr\/wp-json\/wp\/v2\/media\/849"}],"wp:attachment":[{"href":"https:\/\/mjroses.ca\/fr\/wp-json\/wp\/v2\/media?parent=856"}],"wp:term":[{"taxonomy":"product_brand","embeddable":true,"href":"https:\/\/mjroses.ca\/fr\/wp-json\/wp\/v2\/product_brand?post=856"},{"taxonomy":"product_cat","embeddable":true,"href":"https:\/\/mjroses.ca\/fr\/wp-json\/wp\/v2\/product_cat?post=856"},{"taxonomy":"product_tag","embeddable":true,"href":"https:\/\/mjroses.ca\/fr\/wp-json\/wp\/v2\/product_tag?post=856"}],"curies":[{"name":"wp","href":"https:\/\/api.w.org\/{rel}","templated":true}]}}