{"id":845,"date":"2025-01-21T18:48:12","date_gmt":"2025-01-21T18:48:12","guid":{"rendered":"https:\/\/mjroses.ca\/?post_type=product&#038;p=845"},"modified":"2025-01-21T18:49:02","modified_gmt":"2025-01-21T18:49:02","slug":"eternal-rose-heaven-off-white-with-stem-black-triangular-packaging","status":"publish","type":"product","link":"https:\/\/mjroses.ca\/fr\/produit\/eternal-rose-heaven-off-white-with-stem-black-triangular-packaging\/","title":{"rendered":"Rose \u00c9ternelle Ciel Blanc Cass\u00e9 avec Tige (Emballage Triangulaire Noir)"},"content":{"rendered":"<p>1 rose \u00e9ternelle. C\u2019est le d\u00e9tail parfait pour une occasion sp\u00e9ciale. Que ce soit un cadeau d'anniversaire pour un ami cher ou une occasion romantique, le contraste de la bo\u00eete triangulaire noire avec la beaut\u00e9 \u00e9clatante de la rose color\u00e9e mettra en valeur ce moment inoubliable!<\/p>","protected":false},"excerpt":{"rendered":"<p>1 rose \u00e9ternelle. C\u2019est le d\u00e9tail parfait pour une occasion sp\u00e9ciale.<\/p>","protected":false},"featured_media":837,"comment_status":"open","ping_status":"closed","template":"","meta":[],"product_brand":[],"product_cat":[34],"product_tag":[],"class_list":{"0":"post-845","1":"product","2":"type-product","3":"status-publish","4":"has-post-thumbnail","6":"product_cat-triangular","8":"first","9":"instock","10":"taxable","11":"shipping-taxable","12":"purchasable","13":"product-type-simple"},"jetpack_sharing_enabled":true,"_links":{"self":[{"href":"https:\/\/mjroses.ca\/fr\/wp-json\/wp\/v2\/product\/845","targetHints":{"allow":["GET"]}}],"collection":[{"href":"https:\/\/mjroses.ca\/fr\/wp-json\/wp\/v2\/product"}],"about":[{"href":"https:\/\/mjroses.ca\/fr\/wp-json\/wp\/v2\/types\/product"}],"replies":[{"embeddable":true,"href":"https:\/\/mjroses.ca\/fr\/wp-json\/wp\/v2\/comments?post=845"}],"wp:featuredmedia":[{"embeddable":true,"href":"https:\/\/mjroses.ca\/fr\/wp-json\/wp\/v2\/media\/837"}],"wp:attachment":[{"href":"https:\/\/mjroses.ca\/fr\/wp-json\/wp\/v2\/media?parent=845"}],"wp:term":[{"taxonomy":"product_brand","embeddable":true,"href":"https:\/\/mjroses.ca\/fr\/wp-json\/wp\/v2\/product_brand?post=845"},{"taxonomy":"product_cat","embeddable":true,"href":"https:\/\/mjroses.ca\/fr\/wp-json\/wp\/v2\/product_cat?post=845"},{"taxonomy":"product_tag","embeddable":true,"href":"https:\/\/mjroses.ca\/fr\/wp-json\/wp\/v2\/product_tag?post=845"}],"curies":[{"name":"wp","href":"https:\/\/api.w.org\/{rel}","templated":true}]}}