{"id":750,"date":"2024-10-09T23:54:29","date_gmt":"2024-10-09T23:54:29","guid":{"rendered":"https:\/\/mjroses.ca\/?post_type=product&#038;p=750"},"modified":"2024-10-10T00:59:50","modified_gmt":"2024-10-10T00:59:50","slug":"beauty-jumbo-red-heart-rose-small-white-box","status":"publish","type":"product","link":"https:\/\/mjroses.ca\/fr\/produit\/beauty-jumbo-red-heart-rose-small-white-box\/","title":{"rendered":"Beauty Jumbo Rose Rouge en C\u0153ur Petite Bo\u00eete Blanche"},"content":{"rendered":"<p>Our luxurious velvet box contains 1 eternal heart shaped rose. It is the perfect detail for a special occasion. From a birthday gift of a special friend to a marriage proposal by placing the ring in the middle of the rose, the classy look of the box and the gorgeous look of the rose will highlight the memorable moment!<\/p>\n<p>\u2022 1 real eternal Jumbo size rose in a velvet finish box<br \/>\n\u2022 Bo\u00eete-cadeau en velours de luxe avec rose : \u00d8 12 x H 10 cm<br \/>\n\u2022 Rose faite \u00e0 la main avec amour<br \/>\n\u2022 Durent jusqu'\u00e0 un an et m\u00eame plus longtemps avec un entretien appropri\u00e9<br \/>\n\u2022 Parfait pour toutes les occasions : Anniversaire, No\u00ebl, F\u00eate des M\u00e8res et Saint-Valentin<\/p>","protected":false},"excerpt":{"rendered":"<p>Our luxurious velvet box contains 1 eternal heart shaped rose. It is the perfect detail for a special occasion.<\/p>","protected":false},"featured_media":740,"comment_status":"open","ping_status":"closed","template":"","meta":[],"product_brand":[],"product_cat":[33,26],"product_tag":[],"class_list":{"0":"post-750","1":"product","2":"type-product","3":"status-publish","4":"has-post-thumbnail","6":"product_cat-boxes","7":"product_cat-all-products","9":"first","10":"instock","11":"taxable","12":"shipping-taxable","13":"purchasable","14":"product-type-simple"},"jetpack_sharing_enabled":true,"_links":{"self":[{"href":"https:\/\/mjroses.ca\/fr\/wp-json\/wp\/v2\/product\/750","targetHints":{"allow":["GET"]}}],"collection":[{"href":"https:\/\/mjroses.ca\/fr\/wp-json\/wp\/v2\/product"}],"about":[{"href":"https:\/\/mjroses.ca\/fr\/wp-json\/wp\/v2\/types\/product"}],"replies":[{"embeddable":true,"href":"https:\/\/mjroses.ca\/fr\/wp-json\/wp\/v2\/comments?post=750"}],"wp:featuredmedia":[{"embeddable":true,"href":"https:\/\/mjroses.ca\/fr\/wp-json\/wp\/v2\/media\/740"}],"wp:attachment":[{"href":"https:\/\/mjroses.ca\/fr\/wp-json\/wp\/v2\/media?parent=750"}],"wp:term":[{"taxonomy":"product_brand","embeddable":true,"href":"https:\/\/mjroses.ca\/fr\/wp-json\/wp\/v2\/product_brand?post=750"},{"taxonomy":"product_cat","embeddable":true,"href":"https:\/\/mjroses.ca\/fr\/wp-json\/wp\/v2\/product_cat?post=750"},{"taxonomy":"product_tag","embeddable":true,"href":"https:\/\/mjroses.ca\/fr\/wp-json\/wp\/v2\/product_tag?post=750"}],"curies":[{"name":"wp","href":"https:\/\/api.w.org\/{rel}","templated":true}]}}