{"id":749,"date":"2024-10-09T23:52:54","date_gmt":"2024-10-09T23:52:54","guid":{"rendered":"https:\/\/mjroses.ca\/?post_type=product&#038;p=749"},"modified":"2024-10-10T16:09:22","modified_gmt":"2024-10-10T16:09:22","slug":"honesty-sunflower-small-white-box","status":"publish","type":"product","link":"https:\/\/mjroses.ca\/fr\/produit\/honesty-sunflower-small-white-box\/","title":{"rendered":"Honesty Sunflower Small White Box"},"content":{"rendered":"<p>Our luxurious velvet box contains 1 eternal sunflower. It is the perfect detail for a special occasion. From a birthday gift of a special friend to a marriage proposal by placing the ring in the middle of the rose, the classy look of the box and the gorgeous look of the rose will highlight the memorable moment!<\/p>\n<p>\u2022 1 vraie rose \u00e9ternelle dans une bo\u00eete avec finition en velours<br \/>\n\u2022 Luxury velvet gift box with sunflower: \u00d8 10 x H 10 cm<br \/>\n\u2022 Handmade sunflower with love<br \/>\n\u2022 Durent jusqu'\u00e0 un an et m\u00eame plus longtemps avec un entretien appropri\u00e9<br \/>\n\u2022 Parfait pour toutes les occasions : Anniversaire, No\u00ebl, F\u00eate des M\u00e8res et Saint-Valentin<\/p>","protected":false},"excerpt":{"rendered":"<p>Our luxurious velvet box contains 1 eternal sunflower. It is the perfect detail for a special occasion.<\/p>","protected":false},"featured_media":729,"comment_status":"open","ping_status":"closed","template":"","meta":[],"product_brand":[],"product_cat":[33,26],"product_tag":[],"class_list":{"0":"post-749","1":"product","2":"type-product","3":"status-publish","4":"has-post-thumbnail","6":"product_cat-boxes","7":"product_cat-all-products","9":"first","10":"instock","11":"taxable","12":"shipping-taxable","13":"purchasable","14":"product-type-simple"},"jetpack_sharing_enabled":true,"_links":{"self":[{"href":"https:\/\/mjroses.ca\/fr\/wp-json\/wp\/v2\/product\/749","targetHints":{"allow":["GET"]}}],"collection":[{"href":"https:\/\/mjroses.ca\/fr\/wp-json\/wp\/v2\/product"}],"about":[{"href":"https:\/\/mjroses.ca\/fr\/wp-json\/wp\/v2\/types\/product"}],"replies":[{"embeddable":true,"href":"https:\/\/mjroses.ca\/fr\/wp-json\/wp\/v2\/comments?post=749"}],"wp:featuredmedia":[{"embeddable":true,"href":"https:\/\/mjroses.ca\/fr\/wp-json\/wp\/v2\/media\/729"}],"wp:attachment":[{"href":"https:\/\/mjroses.ca\/fr\/wp-json\/wp\/v2\/media?parent=749"}],"wp:term":[{"taxonomy":"product_brand","embeddable":true,"href":"https:\/\/mjroses.ca\/fr\/wp-json\/wp\/v2\/product_brand?post=749"},{"taxonomy":"product_cat","embeddable":true,"href":"https:\/\/mjroses.ca\/fr\/wp-json\/wp\/v2\/product_cat?post=749"},{"taxonomy":"product_tag","embeddable":true,"href":"https:\/\/mjroses.ca\/fr\/wp-json\/wp\/v2\/product_tag?post=749"}],"curies":[{"name":"wp","href":"https:\/\/api.w.org\/{rel}","templated":true}]}}