{"id":515,"date":"2024-09-04T16:51:48","date_gmt":"2024-09-04T16:51:48","guid":{"rendered":"https:\/\/mjroses.ca\/?post_type=product&#038;p=515"},"modified":"2024-11-02T16:47:03","modified_gmt":"2024-11-02T16:47:03","slug":"mistery-mini-blue-roses-bouquet-small-white-box","status":"publish","type":"product","link":"https:\/\/mjroses.ca\/fr\/produit\/mistery-mini-blue-roses-bouquet-small-white-box\/","title":{"rendered":"Bouquet de Mini Roses Bleues Myst\u00e8res (Petite Bo\u00eete Blanche)."},"content":{"rendered":"<p><span data-sheets-root=\"1\">Notre luxueuse bo\u00eete en velours contient 6 mini roses \u00e9ternelles. C'est le d\u00e9tail parfait pour une occasion sp\u00e9ciale. Que ce soit un cadeau d'anniversaire d'un ami sp\u00e9cial ou une demande en mariage en pla\u00e7ant la bague au milieu des roses, l'apparence \u00e9l\u00e9gante de la bo\u00eete et la beaut\u00e9 des roses mettront en valeur ce moment m\u00e9morable!<\/span><\/p>\n<p>\u2022 6 vraies roses \u00e9ternelles dans une bo\u00eete avec finition en velours<br \/>\n\u2022 Bo\u00eete-cadeau en velours de luxe avec roses<br \/>\n\u2022 Roses faites \u00e0 la main<br \/>\n\u2022 Durent jusqu'\u00e0 un an et m\u00eame plus longtemps avec un entretien appropri\u00e9<br \/>\n\u2022 Parfait pour toutes les occasions : Anniversaire, No\u00ebl, F\u00eate des M\u00e8res et Saint-Valentin<\/p>","protected":false},"excerpt":{"rendered":"<p><span data-sheets-root=\"1\">Notre luxueuse bo\u00eete en velours contient 6 mini roses \u00e9ternelles. C'est le d\u00e9tail parfait pour une occasion sp\u00e9ciale. <\/span><\/p>","protected":false},"featured_media":479,"comment_status":"open","ping_status":"closed","template":"","meta":[],"product_brand":[],"product_cat":[26,33],"product_tag":[],"class_list":{"0":"post-515","1":"product","2":"type-product","3":"status-publish","4":"has-post-thumbnail","6":"product_cat-all-products","7":"product_cat-boxes","9":"first","10":"instock","11":"taxable","12":"shipping-taxable","13":"purchasable","14":"product-type-simple"},"jetpack_sharing_enabled":true,"_links":{"self":[{"href":"https:\/\/mjroses.ca\/fr\/wp-json\/wp\/v2\/product\/515","targetHints":{"allow":["GET"]}}],"collection":[{"href":"https:\/\/mjroses.ca\/fr\/wp-json\/wp\/v2\/product"}],"about":[{"href":"https:\/\/mjroses.ca\/fr\/wp-json\/wp\/v2\/types\/product"}],"replies":[{"embeddable":true,"href":"https:\/\/mjroses.ca\/fr\/wp-json\/wp\/v2\/comments?post=515"}],"wp:featuredmedia":[{"embeddable":true,"href":"https:\/\/mjroses.ca\/fr\/wp-json\/wp\/v2\/media\/479"}],"wp:attachment":[{"href":"https:\/\/mjroses.ca\/fr\/wp-json\/wp\/v2\/media?parent=515"}],"wp:term":[{"taxonomy":"product_brand","embeddable":true,"href":"https:\/\/mjroses.ca\/fr\/wp-json\/wp\/v2\/product_brand?post=515"},{"taxonomy":"product_cat","embeddable":true,"href":"https:\/\/mjroses.ca\/fr\/wp-json\/wp\/v2\/product_cat?post=515"},{"taxonomy":"product_tag","embeddable":true,"href":"https:\/\/mjroses.ca\/fr\/wp-json\/wp\/v2\/product_tag?post=515"}],"curies":[{"name":"wp","href":"https:\/\/api.w.org\/{rel}","templated":true}]}}