{"id":374,"date":"2024-09-04T13:28:39","date_gmt":"2024-09-04T13:28:39","guid":{"rendered":"https:\/\/mjroses.ca\/?post_type=product&#038;p=374"},"modified":"2024-11-02T16:41:34","modified_gmt":"2024-11-02T16:41:34","slug":"paradise-mini-aqua-rose-dome","status":"publish","type":"product","link":"https:\/\/mjroses.ca\/fr\/produit\/paradise-mini-aqua-rose-dome\/","title":{"rendered":"D\u00f4me De Mini Rose Aqua Paradis"},"content":{"rendered":"<p><span data-sheets-root=\"1\">Mini eternal rose, set in a glass dome. Featuring a mini preserved rose and at its base, real rose petals are perfectly scattered with a skillful hand. Each rose is rich in colour and texture, the velvety softness of the rose and curve of the glass dome reminiscent of seductive glamour. A decorous exhibition in any home, the mini size of the rose and dome brings delicacy. Each rose is perfectly preserved, making this a literally spell-binding gift, leaving your loved ones addicted to that special moment for years to come.<\/span><\/p>\n<p>\u2022 1 v\u00e9ritable mini rose \u00e9ternelle dans un d\u00f4me en verre luxueux.<br \/>\n\u2022 Taille du d\u00f4me : \u00d8 8 x H 6 cm \/ Taille de la rose : \u00d8 2,5 x H 4 cm.<br \/>\n\u2022 Rose faite \u00e0 la main avec amour<br \/>\n\u2022 Durera plusieurs ann\u00e9es dans le d\u00f4me.<br \/>\n\u2022 Parfait pour toutes les occasions : Anniversaire, No\u00ebl, F\u00eate des M\u00e8res et Saint-Valentin<\/p>","protected":false},"excerpt":{"rendered":"<p><span data-sheets-root=\"1\">Mini rose \u00e9ternelle, pr\u00e9sent\u00e9e dans un d\u00f4me en verre. Comprend une mini rose pr\u00e9serv\u00e9e, et \u00e0 sa base, de v\u00e9ritables p\u00e9tales de rose sont parfaitement \u00e9parpill\u00e9s avec un soin remarquable.<\/span><\/p>","protected":false},"featured_media":353,"comment_status":"open","ping_status":"closed","template":"","meta":[],"product_brand":[],"product_cat":[26,31],"product_tag":[],"class_list":{"0":"post-374","1":"product","2":"type-product","3":"status-publish","4":"has-post-thumbnail","6":"product_cat-all-products","7":"product_cat-mini-domes","9":"first","10":"instock","11":"taxable","12":"shipping-taxable","13":"purchasable","14":"product-type-simple"},"jetpack_sharing_enabled":true,"_links":{"self":[{"href":"https:\/\/mjroses.ca\/fr\/wp-json\/wp\/v2\/product\/374","targetHints":{"allow":["GET"]}}],"collection":[{"href":"https:\/\/mjroses.ca\/fr\/wp-json\/wp\/v2\/product"}],"about":[{"href":"https:\/\/mjroses.ca\/fr\/wp-json\/wp\/v2\/types\/product"}],"replies":[{"embeddable":true,"href":"https:\/\/mjroses.ca\/fr\/wp-json\/wp\/v2\/comments?post=374"}],"wp:featuredmedia":[{"embeddable":true,"href":"https:\/\/mjroses.ca\/fr\/wp-json\/wp\/v2\/media\/353"}],"wp:attachment":[{"href":"https:\/\/mjroses.ca\/fr\/wp-json\/wp\/v2\/media?parent=374"}],"wp:term":[{"taxonomy":"product_brand","embeddable":true,"href":"https:\/\/mjroses.ca\/fr\/wp-json\/wp\/v2\/product_brand?post=374"},{"taxonomy":"product_cat","embeddable":true,"href":"https:\/\/mjroses.ca\/fr\/wp-json\/wp\/v2\/product_cat?post=374"},{"taxonomy":"product_tag","embeddable":true,"href":"https:\/\/mjroses.ca\/fr\/wp-json\/wp\/v2\/product_tag?post=374"}],"curies":[{"name":"wp","href":"https:\/\/api.w.org\/{rel}","templated":true}]}}