{"id":373,"date":"2024-09-04T13:27:08","date_gmt":"2024-09-04T13:27:08","guid":{"rendered":"https:\/\/mjroses.ca\/?post_type=product&#038;p=373"},"modified":"2024-11-02T16:41:23","modified_gmt":"2024-11-02T16:41:23","slug":"elegance-mini-pink-rose-dome","status":"publish","type":"product","link":"https:\/\/mjroses.ca\/fr\/produit\/elegance-mini-pink-rose-dome\/","title":{"rendered":"D\u00f4me de Mini Rose Rose \u00c9l\u00e9gante"},"content":{"rendered":"<p><span data-sheets-root=\"1\">Mini rose \u00e9ternelle, pr\u00e9sent\u00e9e dans un d\u00f4me en verre. Comprend une mini rose pr\u00e9serv\u00e9e, avec de v\u00e9ritables p\u00e9tales de rose parfaitement \u00e9parpill\u00e9s \u00e0 sa base, r\u00e9alis\u00e9s avec un soin exceptionnel. Chaque rose est riche en couleur et en texture, la douceur velout\u00e9e de la rose et la courbe du d\u00f4me en verre \u00e9voquent un glamour s\u00e9duisant. Une exposition d\u00e9licate dans n'importe quel foyer, la taille mini de la rose et du d\u00f4me apporte une touche de l\u00e9g\u00e8ret\u00e9. Chaque rose est parfaitement pr\u00e9serv\u00e9e, faisant de ce cadeau un v\u00e9ritable enchantement, laissant vos proches \u00e9pris de ce moment sp\u00e9cial pendant des ann\u00e9es.<\/span><\/p>\n<p>\u2022 1 v\u00e9ritable mini rose \u00e9ternelle dans un d\u00f4me en verre luxueux.<br \/>\n\u2022 Taille du d\u00f4me : \u00d8 8 x H 6 cm \/ Taille de la rose : \u00d8 2,5 x H 4 cm.<br \/>\n\u2022 Rose faite \u00e0 la main avec amour<br \/>\n\u2022 Durera plusieurs ann\u00e9es dans le d\u00f4me.<br \/>\n\u2022 Parfait pour toutes les occasions : Anniversaire, No\u00ebl, F\u00eate des M\u00e8res et Saint-Valentin<\/p>","protected":false},"excerpt":{"rendered":"<p><span data-sheets-root=\"1\">Mini rose \u00e9ternelle, pr\u00e9sent\u00e9e dans un d\u00f4me en verre. Comprend une mini rose pr\u00e9serv\u00e9e, et \u00e0 sa base, de v\u00e9ritables p\u00e9tales de rose sont parfaitement \u00e9parpill\u00e9s avec un soin remarquable.<\/span><\/p>","protected":false},"featured_media":351,"comment_status":"open","ping_status":"closed","template":"","meta":[],"product_brand":[],"product_cat":[26,31],"product_tag":[],"class_list":{"0":"post-373","1":"product","2":"type-product","3":"status-publish","4":"has-post-thumbnail","6":"product_cat-all-products","7":"product_cat-mini-domes","9":"first","10":"instock","11":"taxable","12":"shipping-taxable","13":"purchasable","14":"product-type-simple"},"jetpack_sharing_enabled":true,"_links":{"self":[{"href":"https:\/\/mjroses.ca\/fr\/wp-json\/wp\/v2\/product\/373","targetHints":{"allow":["GET"]}}],"collection":[{"href":"https:\/\/mjroses.ca\/fr\/wp-json\/wp\/v2\/product"}],"about":[{"href":"https:\/\/mjroses.ca\/fr\/wp-json\/wp\/v2\/types\/product"}],"replies":[{"embeddable":true,"href":"https:\/\/mjroses.ca\/fr\/wp-json\/wp\/v2\/comments?post=373"}],"wp:featuredmedia":[{"embeddable":true,"href":"https:\/\/mjroses.ca\/fr\/wp-json\/wp\/v2\/media\/351"}],"wp:attachment":[{"href":"https:\/\/mjroses.ca\/fr\/wp-json\/wp\/v2\/media?parent=373"}],"wp:term":[{"taxonomy":"product_brand","embeddable":true,"href":"https:\/\/mjroses.ca\/fr\/wp-json\/wp\/v2\/product_brand?post=373"},{"taxonomy":"product_cat","embeddable":true,"href":"https:\/\/mjroses.ca\/fr\/wp-json\/wp\/v2\/product_cat?post=373"},{"taxonomy":"product_tag","embeddable":true,"href":"https:\/\/mjroses.ca\/fr\/wp-json\/wp\/v2\/product_tag?post=373"}],"curies":[{"name":"wp","href":"https:\/\/api.w.org\/{rel}","templated":true}]}}