{"id":370,"date":"2024-09-04T13:21:55","date_gmt":"2024-09-04T13:21:55","guid":{"rendered":"https:\/\/mjroses.ca\/?post_type=product&#038;p=370"},"modified":"2024-11-02T16:30:51","modified_gmt":"2024-11-02T16:30:51","slug":"370","status":"publish","type":"product","link":"https:\/\/mjroses.ca\/fr\/produit\/370\/","title":{"rendered":"D\u00f4me De Tournesol Honn\u00eatet\u00e9"},"content":{"rendered":"<p><span data-sheets-root=\"1\">Tournesol \u00e9ternel spectaculaire, situ\u00e9 dans un luxueux d\u00f4me de verre. Dot\u00e9 d'un tournesol conserv\u00e9 de taille moyenne \u00e0 grande. Chaque tournesol est riche en couleur et en texture, la douceur velout\u00e9e du tournesol et la courbe du d\u00f4me de verre rappellent un glamour s\u00e9duisant. Une exposition d\u00e9corative dans n'importe quelle maison, cette pi\u00e8ce qui fait tourner les t\u00eates \u00e9voque des sentiments d'intensit\u00e9. Chaque rose est parfaitement conserv\u00e9e, ce qui en fait un cadeau litt\u00e9ralement envo\u00fbtant, laissant vos proches accros \u00e0 ce moment sp\u00e9cial pour les ann\u00e9es \u00e0 venir.<\/span><\/p>\n<p>\u2022 1 real eternal sunflower in a luxurious glass dome<br \/>\n\u2022 Dome size: \u00d8 12 x H 21 cm \/ Sunflower size: \u00d8 10 x H 17 cm<br \/>\n\u2022 Handmade Sunflower with love<\/p>","protected":false},"excerpt":{"rendered":"<p><span data-sheets-root=\"1\">Tournesol \u00e9ternel spectaculaire, situ\u00e9 dans un luxueux d\u00f4me de verre. Dot\u00e9 d'un tournesol conserv\u00e9 de taille moyenne \u00e0 grande. <\/span><\/p>","protected":false},"featured_media":364,"comment_status":"open","ping_status":"closed","template":"","meta":[],"product_brand":[],"product_cat":[26,32],"product_tag":[],"class_list":{"0":"post-370","1":"product","2":"type-product","3":"status-publish","4":"has-post-thumbnail","6":"product_cat-all-products","7":"product_cat-domes","9":"first","10":"instock","11":"taxable","12":"shipping-taxable","13":"purchasable","14":"product-type-simple"},"jetpack_sharing_enabled":true,"_links":{"self":[{"href":"https:\/\/mjroses.ca\/fr\/wp-json\/wp\/v2\/product\/370","targetHints":{"allow":["GET"]}}],"collection":[{"href":"https:\/\/mjroses.ca\/fr\/wp-json\/wp\/v2\/product"}],"about":[{"href":"https:\/\/mjroses.ca\/fr\/wp-json\/wp\/v2\/types\/product"}],"replies":[{"embeddable":true,"href":"https:\/\/mjroses.ca\/fr\/wp-json\/wp\/v2\/comments?post=370"}],"wp:featuredmedia":[{"embeddable":true,"href":"https:\/\/mjroses.ca\/fr\/wp-json\/wp\/v2\/media\/364"}],"wp:attachment":[{"href":"https:\/\/mjroses.ca\/fr\/wp-json\/wp\/v2\/media?parent=370"}],"wp:term":[{"taxonomy":"product_brand","embeddable":true,"href":"https:\/\/mjroses.ca\/fr\/wp-json\/wp\/v2\/product_brand?post=370"},{"taxonomy":"product_cat","embeddable":true,"href":"https:\/\/mjroses.ca\/fr\/wp-json\/wp\/v2\/product_cat?post=370"},{"taxonomy":"product_tag","embeddable":true,"href":"https:\/\/mjroses.ca\/fr\/wp-json\/wp\/v2\/product_tag?post=370"}],"curies":[{"name":"wp","href":"https:\/\/api.w.org\/{rel}","templated":true}]}}