{"id":347,"date":"2024-09-04T13:08:22","date_gmt":"2024-09-04T13:08:22","guid":{"rendered":"https:\/\/mjroses.ca\/?post_type=product&#038;p=347"},"modified":"2024-11-02T17:07:22","modified_gmt":"2024-11-02T17:07:22","slug":"enchanted-fluorescent-medium-rose-dome","status":"publish","type":"product","link":"https:\/\/mjroses.ca\/fr\/produit\/enchanted-fluorescent-medium-rose-dome\/","title":{"rendered":"D\u00f4me De Rose Fluorescente Moyenne Enchant\u00e9e"},"content":{"rendered":"<p>Rose \u00e9ternelle spectaculaire, ench\u00e2ss\u00e9e dans un luxueux d\u00f4me de verre. Dot\u00e9 d'une rose pr\u00e9serv\u00e9e de taille moyenne \u00e0 grande et \u00e0 sa base, de v\u00e9ritables p\u00e9tales de rose sont parfaitement dispers\u00e9s d'une main habile. Chaque rose est riche en couleur et en texture, la douceur velout\u00e9e de la rose et la courbe du d\u00f4me de verre rappellent un glamour s\u00e9duisant. Une exposition d\u00e9corative dans n'importe quelle maison, cette pi\u00e8ce qui fait tourner les t\u00eates \u00e9voque des sentiments d'intensit\u00e9. Chaque rose est parfaitement conserv\u00e9e, ce qui en fait un cadeau envo\u00fbtant, laissant vos proches accros \u00e0 ce moment sp\u00e9cial pour les ann\u00e9es \u00e0 venir.<\/p>\n<p>\u2022 1 v\u00e9ritable rose \u00e9ternelle dans un d\u00f4me en verre luxueux<br \/>\n\u2022 Taille du d\u00f4me : \u00d8 12 x H 21 cm \/ Taille de la rose : \u00d8 8 x H 17 cm<br \/>\n\u2022 Rose faite \u00e0 la main avec amour<br \/>\n\u2022 Durera plusieurs ann\u00e9es dans le d\u00f4me.<br \/>\n\u2022 Parfait pour toutes les occasions : Anniversaire, No\u00ebl, F\u00eate des M\u00e8res et Saint-Valentin<\/p>","protected":false},"excerpt":{"rendered":"<p>Rose \u00e9ternelle spectaculaire, pr\u00e9sent\u00e9e dans un d\u00f4me en verre luxueux. Comprend une rose pr\u00e9serv\u00e9e de taille moyenne \u00e0 grande, et \u00e0 sa base, de v\u00e9ritables p\u00e9tales de rose sont parfaitement \u00e9parpill\u00e9s avec un soin remarquable.<\/p>","protected":false},"featured_media":355,"comment_status":"open","ping_status":"closed","template":"","meta":[],"product_brand":[],"product_cat":[26,32],"product_tag":[],"class_list":{"0":"post-347","1":"product","2":"type-product","3":"status-publish","4":"has-post-thumbnail","6":"product_cat-all-products","7":"product_cat-domes","9":"first","10":"instock","11":"taxable","12":"shipping-taxable","13":"purchasable","14":"product-type-simple"},"jetpack_sharing_enabled":true,"_links":{"self":[{"href":"https:\/\/mjroses.ca\/fr\/wp-json\/wp\/v2\/product\/347","targetHints":{"allow":["GET"]}}],"collection":[{"href":"https:\/\/mjroses.ca\/fr\/wp-json\/wp\/v2\/product"}],"about":[{"href":"https:\/\/mjroses.ca\/fr\/wp-json\/wp\/v2\/types\/product"}],"replies":[{"embeddable":true,"href":"https:\/\/mjroses.ca\/fr\/wp-json\/wp\/v2\/comments?post=347"}],"wp:featuredmedia":[{"embeddable":true,"href":"https:\/\/mjroses.ca\/fr\/wp-json\/wp\/v2\/media\/355"}],"wp:attachment":[{"href":"https:\/\/mjroses.ca\/fr\/wp-json\/wp\/v2\/media?parent=347"}],"wp:term":[{"taxonomy":"product_brand","embeddable":true,"href":"https:\/\/mjroses.ca\/fr\/wp-json\/wp\/v2\/product_brand?post=347"},{"taxonomy":"product_cat","embeddable":true,"href":"https:\/\/mjroses.ca\/fr\/wp-json\/wp\/v2\/product_cat?post=347"},{"taxonomy":"product_tag","embeddable":true,"href":"https:\/\/mjroses.ca\/fr\/wp-json\/wp\/v2\/product_tag?post=347"}],"curies":[{"name":"wp","href":"https:\/\/api.w.org\/{rel}","templated":true}]}}